{"id":3191,"date":"2025-08-23T04:19:01","date_gmt":"2025-08-23T04:19:01","guid":{"rendered":"https:\/\/mupiibga.co\/?post_type=product&#038;p=3191"},"modified":"2025-09-16T05:17:29","modified_gmt":"2025-09-16T05:17:29","slug":"agenda-psicologa","status":"publish","type":"product","link":"https:\/\/mupiibga.co\/en\/product\/agenda-psicologa\/","title":{"rendered":"Agenda Psicologa"},"content":{"rendered":"<div data-elementor-type=\"wp-post\" data-elementor-id=\"3191\" class=\"elementor elementor-3191\">\n\t\t\t\t\t\t<section class=\"elementor-section elementor-top-section elementor-element elementor-element-ac98f48 elementor-section-boxed elementor-section-height-default elementor-section-height-default\" data-id=\"ac98f48\" data-element_type=\"section\" data-e-type=\"section\">\n\t\t\t\t\t\t<div class=\"elementor-container elementor-column-gap-default\">\n\t\t\t\t\t<div class=\"elementor-column elementor-col-33 elementor-top-column elementor-element elementor-element-a9c3cf6\" data-id=\"a9c3cf6\" data-element_type=\"column\" data-e-type=\"column\">\n\t\t\t<div class=\"elementor-widget-wrap elementor-element-populated\">\n\t\t\t\t\t\t<div class=\"elementor-element elementor-element-5e343f4 elementor-widget elementor-widget-pressmart-heading\" data-id=\"5e343f4\" data-element_type=\"widget\" data-e-type=\"widget\" data-widget_type=\"pressmart-heading.default\">\n\t\t\t\t<div class=\"elementor-widget-container\">\n\t\t\t\t\t<div id=\"pressmart-header-34207\" class=\"pressmart-element pressmart-heading text-left separator-none separator-between-heading\">\t\n\t\t\t\n\t\t\t<div class=\"heading-wrap\">\n\t\t\t<span class=\"separator-left\"><\/span>\n\t\t\t<h4 class=\"heading-title\">Caracter\u00edsticas<\/h4>\t\t\t<span class=\"separator-right\"><\/span>\n\t\t\t\t\t<\/div>\n\t\t\n    <\/div>\t\t\t\t<\/div>\n\t\t\t\t<\/div>\n\t\t\t\t<div class=\"elementor-element elementor-element-93eceae elementor-widget elementor-widget-text-editor\" data-id=\"93eceae\" data-element_type=\"widget\" data-e-type=\"widget\" data-widget_type=\"text-editor.default\">\n\t\t\t\t<div class=\"elementor-widget-container\">\n\t\t\t\t\t\t\t\t\t<p>\u2714 Pasta: Cart\u00f3n r\u00edgido forrado en vinil, plastificada o impresi\u00f3n personalizada con laminado mate o brillante.<\/p><p>\u2714 Hojas interiores: Papel bond 75<\/p><p>\u2714 Argollado: Met\u00e1lico doble &#8220;O&#8221;<\/p><p>\u2714 Pasta dura resistente y duradera.<\/p><p>\u2714 Argollado permite apertura completa y comodidad al escribir.<\/p><p>\u2714 Hojas interiores suaves al tacto y de excelente calidad.<\/p><p>\u2714 Opciones con el\u00e1stico de cierre, separadores o bolsillos internos.<\/p><p>\u2714 Ideal para uso empresarial, escolar o personal.<\/p>\t\t\t\t\t\t\t\t<\/div>\n\t\t\t\t<\/div>\n\t\t\t\t<div class=\"elementor-element elementor-element-5cf349d elementor-widget elementor-widget-pressmart-heading\" data-id=\"5cf349d\" data-element_type=\"widget\" data-e-type=\"widget\" data-widget_type=\"pressmart-heading.default\">\n\t\t\t\t<div class=\"elementor-widget-container\">\n\t\t\t\t\t<div id=\"pressmart-header-11007\" class=\"pressmart-element pressmart-heading text-left separator-none separator-between-heading\">\t\n\t\t\t\n\t\t\t<div class=\"heading-wrap\">\n\t\t\t<span class=\"separator-left\"><\/span>\n\t\t\t<h4 class=\"heading-title\">Recomendaciones<\/h4>\t\t\t<span class=\"separator-right\"><\/span>\n\t\t\t\t\t<\/div>\n\t\t\n    <\/div>\t\t\t\t<\/div>\n\t\t\t\t<\/div>\n\t\t\t\t<div class=\"elementor-element elementor-element-3e86a52 elementor-widget elementor-widget-text-editor\" data-id=\"3e86a52\" data-element_type=\"widget\" data-e-type=\"widget\" data-widget_type=\"text-editor.default\">\n\t\t\t\t<div class=\"elementor-widget-container\">\n\t\t\t\t\t\t\t\t\t<p>\u2714 Evitar el contacto con l\u00edquidos para mayor durabilidad.<\/p><p>\u2714 No exponer directamente al sol por largos periodos para evitar decoloraci\u00f3n.<\/p><p>\u2714 Transportar en estuches o mochilas protegidas para evitar da\u00f1os en las esquinas.<\/p><p>\u2714 Usar bol\u00edgrafos o marcadores de secado r\u00e1pido para evitar manchas en las hojas.<\/p>\t\t\t\t\t\t\t\t<\/div>\n\t\t\t\t<\/div>\n\t\t\t\t<div class=\"elementor-element elementor-element-84671c4 elementor-widget elementor-widget-pressmart-heading\" data-id=\"84671c4\" data-element_type=\"widget\" data-e-type=\"widget\" data-widget_type=\"pressmart-heading.default\">\n\t\t\t\t<div class=\"elementor-widget-container\">\n\t\t\t\t\t<div id=\"pressmart-header-54339\" class=\"pressmart-element pressmart-heading text-left separator-none separator-between-heading\">\t\n\t\t\t\n\t\t\t<div class=\"heading-wrap\">\n\t\t\t<span class=\"separator-left\"><\/span>\n\t\t\t<h4 class=\"heading-title\">Usos<\/h4>\t\t\t<span class=\"separator-right\"><\/span>\n\t\t\t\t\t<\/div>\n\t\t\n    <\/div>\t\t\t\t<\/div>\n\t\t\t\t<\/div>\n\t\t\t\t<div class=\"elementor-element elementor-element-f8e9f4f elementor-widget elementor-widget-text-editor\" data-id=\"f8e9f4f\" data-element_type=\"widget\" data-e-type=\"widget\" data-widget_type=\"text-editor.default\">\n\t\t\t\t<div class=\"elementor-widget-container\">\n\t\t\t\t\t\t\t\t\t<p>\u2705 Publicidad y eventos: Camisetas para empresas y promociones<\/p><p>\u2705 Moda personalizada: Dise\u00f1os exclusivos y originales<\/p><p>\u2705 Equipos deportivos: Uniformes y camisetas t\u00e9cnicas<\/p><p>\u2705 Regalos y recuerdos: Personalizadas con nombres, frases o im\u00e1genes<\/p><p>\u2705 Uso casual o laboral: C\u00f3modas para el d\u00eda a d\u00eda<\/p>\t\t\t\t\t\t\t\t<\/div>\n\t\t\t\t<\/div>\n\t\t\t\t\t<\/div>\n\t\t<\/div>\n\t\t\t\t<div class=\"elementor-column elementor-col-33 elementor-top-column elementor-element elementor-element-ca81899\" data-id=\"ca81899\" data-element_type=\"column\" data-e-type=\"column\">\n\t\t\t<div class=\"elementor-widget-wrap elementor-element-populated\">\n\t\t\t\t\t\t<div class=\"elementor-element elementor-element-ccc627e elementor-widget elementor-widget-pressmart-heading\" data-id=\"ccc627e\" data-element_type=\"widget\" data-e-type=\"widget\" data-widget_type=\"pressmart-heading.default\">\n\t\t\t\t<div class=\"elementor-widget-container\">\n\t\t\t\t\t<div id=\"pressmart-header-32175\" class=\"pressmart-element pressmart-heading text-left separator-none separator-between-heading\">\t\n\t\t\t\n\t\t\t<div class=\"heading-wrap\">\n\t\t\t<span class=\"separator-left\"><\/span>\n\t\t\t<h4 class=\"heading-title\">Dise\u00f1o y forma<\/h4>\t\t\t<span class=\"separator-right\"><\/span>\n\t\t\t\t\t<\/div>\n\t\t\n    <\/div>\t\t\t\t<\/div>\n\t\t\t\t<\/div>\n\t\t\t\t<div class=\"elementor-element elementor-element-b4457ec elementor-widget elementor-widget-text-editor\" data-id=\"b4457ec\" data-element_type=\"widget\" data-e-type=\"widget\" data-widget_type=\"text-editor.default\">\n\t\t\t\t<div class=\"elementor-widget-container\">\n\t\t\t\t\t\t\t\t\t<p>\ud83d\udcd6 Formato: Horizontal o vertical seg\u00fan preferencia.<\/p><p>\ud83c\udfa8 Dise\u00f1o: Personalizable con logo, nombre, im\u00e1genes o ilustraciones en portada y contraportada.<\/p><p>\ud83d\udcc5 Interior: P\u00e1ginas Cuadriculadas , agenda diaria\/semanal\/mensual o personalizada con planner, notas, hoja de datos y calendario.<\/p>\t\t\t\t\t\t\t\t<\/div>\n\t\t\t\t<\/div>\n\t\t\t\t<div class=\"elementor-element elementor-element-938d190 elementor-widget elementor-widget-pressmart-heading\" data-id=\"938d190\" data-element_type=\"widget\" data-e-type=\"widget\" data-widget_type=\"pressmart-heading.default\">\n\t\t\t\t<div class=\"elementor-widget-container\">\n\t\t\t\t\t<div id=\"pressmart-header-30084\" class=\"pressmart-element pressmart-heading text-left separator-none separator-between-heading\">\t\n\t\t\t\n\t\t\t<div class=\"heading-wrap\">\n\t\t\t<span class=\"separator-left\"><\/span>\n\t\t\t<h4 class=\"heading-title\">Empaque<\/h4>\t\t\t<span class=\"separator-right\"><\/span>\n\t\t\t\t\t<\/div>\n\t\t\n    <\/div>\t\t\t\t<\/div>\n\t\t\t\t<\/div>\n\t\t\t\t<div class=\"elementor-element elementor-element-d49d987 elementor-widget elementor-widget-text-editor\" data-id=\"d49d987\" data-element_type=\"widget\" data-e-type=\"widget\" data-widget_type=\"text-editor.default\">\n\t\t\t\t<div class=\"elementor-widget-container\">\n\t\t\t\t\t\t\t\t\t<p>\ud83d\udccc Empaque individual: Bolsa pl\u00e1stica o caja de cart\u00f3n<\/p><p>\ud83d\udccc Empaque por mayor: Paquetes de 5, 10, 20 unidades seg\u00fan pedido.<\/p><p>\ud83d\udccc Opci\u00f3n de empaque premium: Caja r\u00edgida con impresi\u00f3n personalizada o bolsa de tela. (Costo adicional de 7.000)<\/p>\t\t\t\t\t\t\t\t<\/div>\n\t\t\t\t<\/div>\n\t\t\t\t\t<\/div>\n\t\t<\/div>\n\t\t\t\t<div class=\"elementor-column elementor-col-33 elementor-top-column elementor-element elementor-element-6651080\" data-id=\"6651080\" data-element_type=\"column\" data-e-type=\"column\">\n\t\t\t<div class=\"elementor-widget-wrap elementor-element-populated\">\n\t\t\t\t\t\t<div class=\"elementor-element elementor-element-6c42a9c elementor-widget elementor-widget-pressmart-heading\" data-id=\"6c42a9c\" data-element_type=\"widget\" data-e-type=\"widget\" data-widget_type=\"pressmart-heading.default\">\n\t\t\t\t<div class=\"elementor-widget-container\">\n\t\t\t\t\t<div id=\"pressmart-header-25108\" class=\"pressmart-element pressmart-heading text-left separator-none separator-between-heading\">\t\n\t\t\t\n\t\t\t<div class=\"heading-wrap\">\n\t\t\t<span class=\"separator-left\"><\/span>\n\t\t\t<h4 class=\"heading-title\">Usos<\/h4>\t\t\t<span class=\"separator-right\"><\/span>\n\t\t\t\t\t<\/div>\n\t\t\n    <\/div>\t\t\t\t<\/div>\n\t\t\t\t<\/div>\n\t\t\t\t<div class=\"elementor-element elementor-element-7312084 elementor-widget elementor-widget-text-editor\" data-id=\"7312084\" data-element_type=\"widget\" data-e-type=\"widget\" data-widget_type=\"text-editor.default\">\n\t\t\t\t<div class=\"elementor-widget-container\">\n\t\t\t\t\t\t\t\t\t<p>\u2705 Empresas y negocios: Agendas corporativas con branding y personalizaci\u00f3n.<\/p><p>\u2705 Regalos promocionales: Perfectas para clientes, empleados y eventos especiales.<\/p><p>\u2705 Uso personal: Organizaci\u00f3n de tareas, notas y planificaci\u00f3n.<\/p><p>\u2705 Escolar y acad\u00e9mico: Agendas para estudiantes, docentes y administrativos.<\/p>\t\t\t\t\t\t\t\t<\/div>\n\t\t\t\t<\/div>\n\t\t\t\t<div class=\"elementor-element elementor-element-faae5c2 elementor-widget elementor-widget-pressmart-heading\" data-id=\"faae5c2\" data-element_type=\"widget\" data-e-type=\"widget\" data-widget_type=\"pressmart-heading.default\">\n\t\t\t\t<div class=\"elementor-widget-container\">\n\t\t\t\t\t<div id=\"pressmart-header-1734\" class=\"pressmart-element pressmart-heading text-left separator-none separator-between-heading\">\t\n\t\t\t\n\t\t\t<div class=\"heading-wrap\">\n\t\t\t<span class=\"separator-left\"><\/span>\n\t\t\t<h4 class=\"heading-title\">Personalizaci\u00f3n<\/h4>\t\t\t<span class=\"separator-right\"><\/span>\n\t\t\t\t\t<\/div>\n\t\t\n    <\/div>\t\t\t\t<\/div>\n\t\t\t\t<\/div>\n\t\t\t\t<div class=\"elementor-element elementor-element-00bdde3 elementor-widget elementor-widget-text-editor\" data-id=\"00bdde3\" data-element_type=\"widget\" data-e-type=\"widget\" data-widget_type=\"text-editor.default\">\n\t\t\t\t<div class=\"elementor-widget-container\">\n\t\t\t\t\t\t\t\t\t<p>A la hora de elegir este producto al realizar tu compra, recuerda que no est\u00e1 enteramente sujeto a este dise\u00f1o sino que ser\u00e1 personalizado con el nombre y tem\u00e1tica que desees. Incluso puedes enviarnos una foto de la persona a la que va dirigido el detalle para poder colocar un avatar de caracter\u00edsticas similares.<\/p><p><br \/>Todos estos detalles de personalizaci\u00f3n los confirmamos internamente con el dise\u00f1ador responsable de tu pedido a trav\u00e9s de WhatsApp, donde te enviamos los cambios de dise\u00f1o para que apruebes todo antes de enviarlo a producci\u00f3n.<\/p>\t\t\t\t\t\t\t\t<\/div>\n\t\t\t\t<\/div>\n\t\t\t\t\t<\/div>\n\t\t<\/div>\n\t\t\t\t\t<\/div>\n\t\t<\/section>\n\t\t\t\t<\/div>","protected":false},"excerpt":{"rendered":"<p>Incluye lapicero personalizado<\/p>\n<p>24 cm de alto x 17 cm de ancho<\/p>\n<p>Personalizada seg\u00fan el dise\u00f1o<\/p>\n<p>Impresi\u00f3n full color<\/p>\n<p>Pasta dura<\/p>\n<p>100 Hojas<\/p>","protected":false},"featured_media":3193,"comment_status":"open","ping_status":"closed","template":"","meta":{"_joinchat":[]},"product_brand":[166],"product_cat":[205,202],"product_tag":[204],"class_list":{"0":"post-3191","1":"product","2":"type-product","3":"status-publish","4":"has-post-thumbnail","6":"product_brand-mupii","7":"product_cat-agenda-de-100-hojas","8":"product_cat-agendas","9":"product_tag-agendas","11":"first","12":"instock","13":"featured","14":"shipping-taxable","15":"purchasable","16":"product-type-simple"},"_links":{"self":[{"href":"https:\/\/mupiibga.co\/en\/wp-json\/wp\/v2\/product\/3191","targetHints":{"allow":["GET"]}}],"collection":[{"href":"https:\/\/mupiibga.co\/en\/wp-json\/wp\/v2\/product"}],"about":[{"href":"https:\/\/mupiibga.co\/en\/wp-json\/wp\/v2\/types\/product"}],"replies":[{"embeddable":true,"href":"https:\/\/mupiibga.co\/en\/wp-json\/wp\/v2\/comments?post=3191"}],"version-history":[{"count":1,"href":"https:\/\/mupiibga.co\/en\/wp-json\/wp\/v2\/product\/3191\/revisions"}],"predecessor-version":[{"id":3194,"href":"https:\/\/mupiibga.co\/en\/wp-json\/wp\/v2\/product\/3191\/revisions\/3194"}],"wp:featuredmedia":[{"embeddable":true,"href":"https:\/\/mupiibga.co\/en\/wp-json\/wp\/v2\/media\/3193"}],"wp:attachment":[{"href":"https:\/\/mupiibga.co\/en\/wp-json\/wp\/v2\/media?parent=3191"}],"wp:term":[{"taxonomy":"product_brand","embeddable":true,"href":"https:\/\/mupiibga.co\/en\/wp-json\/wp\/v2\/product_brand?post=3191"},{"taxonomy":"product_cat","embeddable":true,"href":"https:\/\/mupiibga.co\/en\/wp-json\/wp\/v2\/product_cat?post=3191"},{"taxonomy":"product_tag","embeddable":true,"href":"https:\/\/mupiibga.co\/en\/wp-json\/wp\/v2\/product_tag?post=3191"}],"curies":[{"name":"wp","href":"https:\/\/api.w.org\/{rel}","templated":true}]}}