{"id":2395,"date":"2025-06-21T22:56:46","date_gmt":"2025-06-21T22:56:46","guid":{"rendered":"https:\/\/mupiibga.co\/?post_type=product&#038;p=2395"},"modified":"2025-06-21T23:07:42","modified_gmt":"2025-06-21T23:07:42","slug":"pad-mouse-rectangular","status":"publish","type":"product","link":"https:\/\/mupiibga.co\/en\/product\/pad-mouse-rectangular\/","title":{"rendered":"Pad mouse rectangular"},"content":{"rendered":"<div data-elementor-type=\"wp-post\" data-elementor-id=\"2395\" class=\"elementor elementor-2395\">\n\t\t\t\t\t\t<section class=\"elementor-section elementor-top-section elementor-element elementor-element-ac98f48 elementor-section-boxed elementor-section-height-default elementor-section-height-default\" data-id=\"ac98f48\" data-element_type=\"section\" data-e-type=\"section\">\n\t\t\t\t\t\t<div class=\"elementor-container elementor-column-gap-default\">\n\t\t\t\t\t<div class=\"elementor-column elementor-col-33 elementor-top-column elementor-element elementor-element-a9c3cf6\" data-id=\"a9c3cf6\" data-element_type=\"column\" data-e-type=\"column\">\n\t\t\t<div class=\"elementor-widget-wrap elementor-element-populated\">\n\t\t\t\t\t\t<div class=\"elementor-element elementor-element-5e343f4 elementor-widget elementor-widget-pressmart-heading\" data-id=\"5e343f4\" data-element_type=\"widget\" data-e-type=\"widget\" data-widget_type=\"pressmart-heading.default\">\n\t\t\t\t<div class=\"elementor-widget-container\">\n\t\t\t\t\t<div id=\"pressmart-header-26526\" class=\"pressmart-element pressmart-heading text-left separator-none separator-between-heading\">\t\n\t\t\t\n\t\t\t<div class=\"heading-wrap\">\n\t\t\t<span class=\"separator-left\"><\/span>\n\t\t\t<h4 class=\"heading-title\">Material<\/h4>\t\t\t<span class=\"separator-right\"><\/span>\n\t\t\t\t\t<\/div>\n\t\t\n    <\/div>\t\t\t\t<\/div>\n\t\t\t\t<\/div>\n\t\t\t\t<div class=\"elementor-element elementor-element-93eceae elementor-widget elementor-widget-text-editor\" data-id=\"93eceae\" data-element_type=\"widget\" data-e-type=\"widget\" data-widget_type=\"text-editor.default\">\n\t\t\t\t<div class=\"elementor-widget-container\">\n\t\t\t\t\t\t\t\t\t<p>Base de goma antideslizante y superficie de tela de microfibra o poli\u00e9ster<\/p>\t\t\t\t\t\t\t\t<\/div>\n\t\t\t\t<\/div>\n\t\t\t\t<div class=\"elementor-element elementor-element-5cf349d elementor-widget elementor-widget-pressmart-heading\" data-id=\"5cf349d\" data-element_type=\"widget\" data-e-type=\"widget\" data-widget_type=\"pressmart-heading.default\">\n\t\t\t\t<div class=\"elementor-widget-container\">\n\t\t\t\t\t<div id=\"pressmart-header-21008\" class=\"pressmart-element pressmart-heading text-left separator-none separator-between-heading\">\t\n\t\t\t\n\t\t\t<div class=\"heading-wrap\">\n\t\t\t<span class=\"separator-left\"><\/span>\n\t\t\t<h4 class=\"heading-title\">Dise\u00f1o y forma<\/h4>\t\t\t<span class=\"separator-right\"><\/span>\n\t\t\t\t\t<\/div>\n\t\t\n    <\/div>\t\t\t\t<\/div>\n\t\t\t\t<\/div>\n\t\t\t\t<div class=\"elementor-element elementor-element-3e86a52 elementor-widget elementor-widget-text-editor\" data-id=\"3e86a52\" data-element_type=\"widget\" data-e-type=\"widget\" data-widget_type=\"text-editor.default\">\n\t\t\t\t<div class=\"elementor-widget-container\">\n\t\t\t\t\t\t\t\t\t<p>\ud83d\udd39 Rectangular, redondo u otras formas personalizadas<\/p><p>\ud83d\udd39 Bordes reforzados para mayor durabilidad<\/p><p>\ud83d\udd39 Impresi\u00f3n en alta calidad resistente al desgaste<\/p>\t\t\t\t\t\t\t\t<\/div>\n\t\t\t\t<\/div>\n\t\t\t\t<div class=\"elementor-element elementor-element-84671c4 elementor-widget elementor-widget-pressmart-heading\" data-id=\"84671c4\" data-element_type=\"widget\" data-e-type=\"widget\" data-widget_type=\"pressmart-heading.default\">\n\t\t\t\t<div class=\"elementor-widget-container\">\n\t\t\t\t\t<div id=\"pressmart-header-35773\" class=\"pressmart-element pressmart-heading text-left separator-none separator-between-heading\">\t\n\t\t\t\n\t\t\t<div class=\"heading-wrap\">\n\t\t\t<span class=\"separator-left\"><\/span>\n\t\t\t<h4 class=\"heading-title\">Recomendaciones<\/h4>\t\t\t<span class=\"separator-right\"><\/span>\n\t\t\t\t\t<\/div>\n\t\t\n    <\/div>\t\t\t\t<\/div>\n\t\t\t\t<\/div>\n\t\t\t\t<div class=\"elementor-element elementor-element-f8e9f4f elementor-widget elementor-widget-text-editor\" data-id=\"f8e9f4f\" data-element_type=\"widget\" data-e-type=\"widget\" data-widget_type=\"text-editor.default\">\n\t\t\t\t<div class=\"elementor-widget-container\">\n\t\t\t\t\t\t\t\t\t<p>\u2714 Limpiar con un pa\u00f1o h\u00famedo y jab\u00f3n suave<\/p><p>\u2714 No doblar en exceso para evitar deformaciones<\/p><p>\u2714 No exponer a calor extremo ni lavar en lavadora<\/p>\t\t\t\t\t\t\t\t<\/div>\n\t\t\t\t<\/div>\n\t\t\t\t\t<\/div>\n\t\t<\/div>\n\t\t\t\t<div class=\"elementor-column elementor-col-33 elementor-top-column elementor-element elementor-element-ca81899\" data-id=\"ca81899\" data-element_type=\"column\" data-e-type=\"column\">\n\t\t\t<div class=\"elementor-widget-wrap elementor-element-populated\">\n\t\t\t\t\t\t<div class=\"elementor-element elementor-element-ccc627e elementor-widget elementor-widget-pressmart-heading\" data-id=\"ccc627e\" data-element_type=\"widget\" data-e-type=\"widget\" data-widget_type=\"pressmart-heading.default\">\n\t\t\t\t<div class=\"elementor-widget-container\">\n\t\t\t\t\t<div id=\"pressmart-header-29567\" class=\"pressmart-element pressmart-heading text-left separator-none separator-between-heading\">\t\n\t\t\t\n\t\t\t<div class=\"heading-wrap\">\n\t\t\t<span class=\"separator-left\"><\/span>\n\t\t\t<h4 class=\"heading-title\">Color<\/h4>\t\t\t<span class=\"separator-right\"><\/span>\n\t\t\t\t\t<\/div>\n\t\t\n    <\/div>\t\t\t\t<\/div>\n\t\t\t\t<\/div>\n\t\t\t\t<div class=\"elementor-element elementor-element-b4457ec elementor-widget elementor-widget-text-editor\" data-id=\"b4457ec\" data-element_type=\"widget\" data-e-type=\"widget\" data-widget_type=\"text-editor.default\">\n\t\t\t\t<div class=\"elementor-widget-container\">\n\t\t\t\t\t\t\t\t\t<p>Unicolores, estampados personalizados, full color con impresi\u00f3n en sublimaci\u00f3n<\/p>\t\t\t\t\t\t\t\t<\/div>\n\t\t\t\t<\/div>\n\t\t\t\t<div class=\"elementor-element elementor-element-938d190 elementor-widget elementor-widget-pressmart-heading\" data-id=\"938d190\" data-element_type=\"widget\" data-e-type=\"widget\" data-widget_type=\"pressmart-heading.default\">\n\t\t\t\t<div class=\"elementor-widget-container\">\n\t\t\t\t\t<div id=\"pressmart-header-48913\" class=\"pressmart-element pressmart-heading text-left separator-none separator-between-heading\">\t\n\t\t\t\n\t\t\t<div class=\"heading-wrap\">\n\t\t\t<span class=\"separator-left\"><\/span>\n\t\t\t<h4 class=\"heading-title\">Caracter\u00edsticas principales<\/h4>\t\t\t<span class=\"separator-right\"><\/span>\n\t\t\t\t\t<\/div>\n\t\t\n    <\/div>\t\t\t\t<\/div>\n\t\t\t\t<\/div>\n\t\t\t\t<div class=\"elementor-element elementor-element-d49d987 elementor-widget elementor-widget-text-editor\" data-id=\"d49d987\" data-element_type=\"widget\" data-e-type=\"widget\" data-widget_type=\"text-editor.default\">\n\t\t\t\t<div class=\"elementor-widget-container\">\n\t\t\t\t\t\t\t\t\t<p>\u2714 Superficie suave para mejor deslizamiento del mouse<\/p><p>\u2714 Base de goma antideslizante para mayor estabilidad<\/p><p>\u2714 Resistente al agua y f\u00e1cil de limpiar<\/p><p>\u2714 Ideal para uso en oficina, gaming o dise\u00f1o gr\u00e1fico<\/p>\t\t\t\t\t\t\t\t<\/div>\n\t\t\t\t<\/div>\n\t\t\t\t<div class=\"elementor-element elementor-element-daf4912 elementor-widget elementor-widget-pressmart-heading\" data-id=\"daf4912\" data-element_type=\"widget\" data-e-type=\"widget\" data-widget_type=\"pressmart-heading.default\">\n\t\t\t\t<div class=\"elementor-widget-container\">\n\t\t\t\t\t<div id=\"pressmart-header-24407\" class=\"pressmart-element pressmart-heading text-left separator-none separator-between-heading\">\t\n\t\t\t\n\t\t\t<div class=\"heading-wrap\">\n\t\t\t<span class=\"separator-left\"><\/span>\n\t\t\t<h4 class=\"heading-title\">Empaque<\/h4>\t\t\t<span class=\"separator-right\"><\/span>\n\t\t\t\t\t<\/div>\n\t\t\n    <\/div>\t\t\t\t<\/div>\n\t\t\t\t<\/div>\n\t\t\t\t<div class=\"elementor-element elementor-element-0fc4362 elementor-widget elementor-widget-text-editor\" data-id=\"0fc4362\" data-element_type=\"widget\" data-e-type=\"widget\" data-widget_type=\"text-editor.default\">\n\t\t\t\t<div class=\"elementor-widget-container\">\n\t\t\t\t\t\t\t\t\t<p>\ud83d\udccc Bolsa pl\u00e1stica individual o caja para pedidos especiales<\/p>\t\t\t\t\t\t\t\t<\/div>\n\t\t\t\t<\/div>\n\t\t\t\t\t<\/div>\n\t\t<\/div>\n\t\t\t\t<div class=\"elementor-column elementor-col-33 elementor-top-column elementor-element elementor-element-6651080\" data-id=\"6651080\" data-element_type=\"column\" data-e-type=\"column\">\n\t\t\t<div class=\"elementor-widget-wrap elementor-element-populated\">\n\t\t\t\t\t\t<div class=\"elementor-element elementor-element-6c42a9c elementor-widget elementor-widget-pressmart-heading\" data-id=\"6c42a9c\" data-element_type=\"widget\" data-e-type=\"widget\" data-widget_type=\"pressmart-heading.default\">\n\t\t\t\t<div class=\"elementor-widget-container\">\n\t\t\t\t\t<div id=\"pressmart-header-43522\" class=\"pressmart-element pressmart-heading text-left separator-none separator-between-heading\">\t\n\t\t\t\n\t\t\t<div class=\"heading-wrap\">\n\t\t\t<span class=\"separator-left\"><\/span>\n\t\t\t<h4 class=\"heading-title\">Medidas<\/h4>\t\t\t<span class=\"separator-right\"><\/span>\n\t\t\t\t\t<\/div>\n\t\t\n    <\/div>\t\t\t\t<\/div>\n\t\t\t\t<\/div>\n\t\t\t\t<div class=\"elementor-element elementor-element-7312084 elementor-widget elementor-widget-text-editor\" data-id=\"7312084\" data-element_type=\"widget\" data-e-type=\"widget\" data-widget_type=\"text-editor.default\">\n\t\t\t\t<div class=\"elementor-widget-container\">\n\t\t\t\t\t\t\t\t\t<p>18 x 22 cm<\/p>\t\t\t\t\t\t\t\t<\/div>\n\t\t\t\t<\/div>\n\t\t\t\t<div class=\"elementor-element elementor-element-faae5c2 elementor-widget elementor-widget-pressmart-heading\" data-id=\"faae5c2\" data-element_type=\"widget\" data-e-type=\"widget\" data-widget_type=\"pressmart-heading.default\">\n\t\t\t\t<div class=\"elementor-widget-container\">\n\t\t\t\t\t<div id=\"pressmart-header-37048\" class=\"pressmart-element pressmart-heading text-left separator-none separator-between-heading\">\t\n\t\t\t\n\t\t\t<div class=\"heading-wrap\">\n\t\t\t<span class=\"separator-left\"><\/span>\n\t\t\t<h4 class=\"heading-title\">Uso<\/h4>\t\t\t<span class=\"separator-right\"><\/span>\n\t\t\t\t\t<\/div>\n\t\t\n    <\/div>\t\t\t\t<\/div>\n\t\t\t\t<\/div>\n\t\t\t\t<div class=\"elementor-element elementor-element-00bdde3 elementor-widget elementor-widget-text-editor\" data-id=\"00bdde3\" data-element_type=\"widget\" data-e-type=\"widget\" data-widget_type=\"text-editor.default\">\n\t\t\t\t<div class=\"elementor-widget-container\">\n\t\t\t\t\t\t\t\t\t<p>\u2705 Trabajo en oficina y teletrabajo<\/p><p>\u2705 Gamers y dise\u00f1adores gr\u00e1ficos<\/p><p>\u2705 Publicidad y regalos promocionales<\/p><p>\u2705 Personalizaci\u00f3n con logos, fotos o dise\u00f1os creativos<\/p>\t\t\t\t\t\t\t\t<\/div>\n\t\t\t\t<\/div>\n\t\t\t\t<div class=\"elementor-element elementor-element-82125c7 elementor-widget elementor-widget-pressmart-heading\" data-id=\"82125c7\" data-element_type=\"widget\" data-e-type=\"widget\" data-widget_type=\"pressmart-heading.default\">\n\t\t\t\t<div class=\"elementor-widget-container\">\n\t\t\t\t\t<div id=\"pressmart-header-76688\" class=\"pressmart-element pressmart-heading text-left separator-none separator-between-heading\">\t\n\t\t\t\n\t\t\t<div class=\"heading-wrap\">\n\t\t\t<span class=\"separator-left\"><\/span>\n\t\t\t<h4 class=\"heading-title\">Personalizaci\u00f3n<\/h4>\t\t\t<span class=\"separator-right\"><\/span>\n\t\t\t\t\t<\/div>\n\t\t\n    <\/div>\t\t\t\t<\/div>\n\t\t\t\t<\/div>\n\t\t\t\t<div class=\"elementor-element elementor-element-6e07fe1 elementor-widget elementor-widget-text-editor\" data-id=\"6e07fe1\" data-element_type=\"widget\" data-e-type=\"widget\" data-widget_type=\"text-editor.default\">\n\t\t\t\t<div class=\"elementor-widget-container\">\n\t\t\t\t\t\t\t\t\t<p>A la hora de elegir este producto al realizar tu compra, recuerda que no est\u00e1 enteramente sujeto a este dise\u00f1o sino que ser\u00e1 personalizado con el nombre y tem\u00e1tica que desees. Incluso puedes enviarnos una foto de la persona a la que va dirigido el detalle para poder colocar un avatar de caracter\u00edsticas similares.<\/p><p><br \/>Todos estos detalles de personalizaci\u00f3n los confirmamos internamente con el dise\u00f1ador responsable de tu pedido a trav\u00e9s de WhatsApp, donde te enviamos los cambios de dise\u00f1o para que apruebes todo antes de enviarlo a producci\u00f3n.<\/p>\t\t\t\t\t\t\t\t<\/div>\n\t\t\t\t<\/div>\n\t\t\t\t\t<\/div>\n\t\t<\/div>\n\t\t\t\t\t<\/div>\n\t\t<\/section>\n\t\t\t\t<\/div>","protected":false},"excerpt":{"rendered":"<p>Material Base de goma antideslizante y superficie de tela de microfibra o poli\u00e9ster Dise\u00f1o y forma \ud83d\udd39 Rectangular, redondo u otras formas personalizadas \ud83d\udd39 Bordes reforzados para mayor durabilidad \ud83d\udd39<\/p>","protected":false},"featured_media":2397,"comment_status":"open","ping_status":"closed","template":"","meta":{"_joinchat":[]},"product_brand":[166],"product_cat":[289,290],"product_tag":[286,200],"class_list":{"0":"post-2395","1":"product","2":"type-product","3":"status-publish","4":"has-post-thumbnail","6":"product_brand-mupii","7":"product_cat-pad-mouse","8":"product_cat-rectangular","9":"product_tag-identificacion-personal-y-empresarial","10":"product_tag-personalizados","12":"first","13":"instock","14":"sale","15":"featured","16":"shipping-taxable","17":"purchasable","18":"product-type-simple"},"_links":{"self":[{"href":"https:\/\/mupiibga.co\/en\/wp-json\/wp\/v2\/product\/2395","targetHints":{"allow":["GET"]}}],"collection":[{"href":"https:\/\/mupiibga.co\/en\/wp-json\/wp\/v2\/product"}],"about":[{"href":"https:\/\/mupiibga.co\/en\/wp-json\/wp\/v2\/types\/product"}],"replies":[{"embeddable":true,"href":"https:\/\/mupiibga.co\/en\/wp-json\/wp\/v2\/comments?post=2395"}],"version-history":[{"count":8,"href":"https:\/\/mupiibga.co\/en\/wp-json\/wp\/v2\/product\/2395\/revisions"}],"predecessor-version":[{"id":2405,"href":"https:\/\/mupiibga.co\/en\/wp-json\/wp\/v2\/product\/2395\/revisions\/2405"}],"wp:featuredmedia":[{"embeddable":true,"href":"https:\/\/mupiibga.co\/en\/wp-json\/wp\/v2\/media\/2397"}],"wp:attachment":[{"href":"https:\/\/mupiibga.co\/en\/wp-json\/wp\/v2\/media?parent=2395"}],"wp:term":[{"taxonomy":"product_brand","embeddable":true,"href":"https:\/\/mupiibga.co\/en\/wp-json\/wp\/v2\/product_brand?post=2395"},{"taxonomy":"product_cat","embeddable":true,"href":"https:\/\/mupiibga.co\/en\/wp-json\/wp\/v2\/product_cat?post=2395"},{"taxonomy":"product_tag","embeddable":true,"href":"https:\/\/mupiibga.co\/en\/wp-json\/wp\/v2\/product_tag?post=2395"}],"curies":[{"name":"wp","href":"https:\/\/api.w.org\/{rel}","templated":true}]}}