{"id":2347,"date":"2025-06-21T19:03:53","date_gmt":"2025-06-21T19:03:53","guid":{"rendered":"https:\/\/mupiibga.co\/?post_type=product&#038;p=2347"},"modified":"2025-07-24T03:45:35","modified_gmt":"2025-07-24T03:45:35","slug":"mug-escarchado-rosado","status":"publish","type":"product","link":"https:\/\/mupiibga.co\/en\/product\/mug-escarchado-rosado\/","title":{"rendered":"Mug Iron Man Color Rojo"},"content":{"rendered":"<div data-elementor-type=\"wp-post\" data-elementor-id=\"2347\" class=\"elementor elementor-2347\">\n\t\t\t\t\t\t<section class=\"elementor-section elementor-top-section elementor-element elementor-element-ac98f48 elementor-section-boxed elementor-section-height-default elementor-section-height-default\" data-id=\"ac98f48\" data-element_type=\"section\" data-e-type=\"section\">\n\t\t\t\t\t\t<div class=\"elementor-container elementor-column-gap-default\">\n\t\t\t\t\t<div class=\"elementor-column elementor-col-33 elementor-top-column elementor-element elementor-element-a9c3cf6\" data-id=\"a9c3cf6\" data-element_type=\"column\" data-e-type=\"column\">\n\t\t\t<div class=\"elementor-widget-wrap elementor-element-populated\">\n\t\t\t\t\t\t<div class=\"elementor-element elementor-element-93eceae elementor-widget elementor-widget-text-editor\" data-id=\"93eceae\" data-element_type=\"widget\" data-e-type=\"widget\" data-widget_type=\"text-editor.default\">\n\t\t\t\t<div class=\"elementor-widget-container\">\n\t\t\t\t\t\t\t\t\t<p>Disfruta de tu caf\u00e9 o t\u00e9 favorito con nuestro <strong data-start=\"181\" data-end=\"204\">mug blanco de 11 oz<\/strong>, elaborado en <strong data-start=\"219\" data-end=\"247\">cer\u00e1mica de alta calidad<\/strong> para brindarte resistencia y durabilidad. Su dise\u00f1o cl\u00e1sico y vers\u00e1til lo hace perfecto para el hogar, la oficina o como regalo especial. <strong data-start=\"386\" data-end=\"403\">Personal\u00edzalo<\/strong> con tu logo, frase o imagen favorita y haz que cada sorbo tenga un toque \u00fanico. Ideal para regalos corporativos, souvenirs y ocasiones especiales.<\/p><p>\u00a0<\/p>\t\t\t\t\t\t\t\t<\/div>\n\t\t\t\t<\/div>\n\t\t\t\t\t<\/div>\n\t\t<\/div>\n\t\t\t\t<div class=\"elementor-column elementor-col-33 elementor-top-column elementor-element elementor-element-ca81899\" data-id=\"ca81899\" data-element_type=\"column\" data-e-type=\"column\">\n\t\t\t<div class=\"elementor-widget-wrap\">\n\t\t\t\t\t\t\t<\/div>\n\t\t<\/div>\n\t\t\t\t<div class=\"elementor-column elementor-col-33 elementor-top-column elementor-element elementor-element-6651080\" data-id=\"6651080\" data-element_type=\"column\" data-e-type=\"column\">\n\t\t\t<div class=\"elementor-widget-wrap elementor-element-populated\">\n\t\t\t\t\t\t<div class=\"elementor-element elementor-element-bd16f7f elementor-widget elementor-widget-image\" data-id=\"bd16f7f\" data-element_type=\"widget\" data-e-type=\"widget\" data-widget_type=\"image.default\">\n\t\t\t\t<div class=\"elementor-widget-container\">\n\t\t\t\t\t\t\t\t\t\t\t\t\t\t\t<img decoding=\"async\" src=\"https:\/\/mupiibga.co\/wp-content\/uploads\/2022\/04\/product-placeholder-1.jpg\" title=\"\" alt=\"\" loading=\"lazy\" \/>\t\t\t\t\t\t\t\t\t\t\t\t\t\t\t<\/div>\n\t\t\t\t<\/div>\n\t\t\t\t\t<\/div>\n\t\t<\/div>\n\t\t\t\t\t<\/div>\n\t\t<\/section>\n\t\t\t\t<\/div>","protected":false},"excerpt":{"rendered":"<p>\u2714 Material: Cer\u00e1mica de alta calidad<\/p>\n<p>\u2714 Capacidad: 11 oz (aprox. 325 ml)<\/p>\n<p>\u2714 Color base: Rojo (disponible en otros colores seg\u00fan referencia)<\/p>\n<p>\u2714 Acabado: Brillante<\/p>\n<p>\u2714 Di\u00e1metro: 8 cm<\/p>\n<p>\u2714 Altura: 9.5 cm<\/p>","protected":false},"featured_media":2406,"comment_status":"open","ping_status":"closed","template":"","meta":{"_joinchat":[]},"product_brand":[166],"product_cat":[158,185],"product_tag":[160,162,164,161,165],"class_list":{"0":"post-2347","1":"product","2":"type-product","3":"status-publish","4":"has-post-thumbnail","6":"product_brand-mupii","7":"product_cat-mug","8":"product_cat-mug-color-interno","9":"product_tag-mug-blanco","10":"product_tag-mug-de-ceramica","11":"product_tag-mug-personalizado","12":"product_tag-taza-blanca","13":"product_tag-taza-resistente","15":"first","16":"instock","17":"sale","18":"featured","19":"shipping-taxable","20":"purchasable","21":"product-type-simple"},"_links":{"self":[{"href":"https:\/\/mupiibga.co\/en\/wp-json\/wp\/v2\/product\/2347","targetHints":{"allow":["GET"]}}],"collection":[{"href":"https:\/\/mupiibga.co\/en\/wp-json\/wp\/v2\/product"}],"about":[{"href":"https:\/\/mupiibga.co\/en\/wp-json\/wp\/v2\/types\/product"}],"replies":[{"embeddable":true,"href":"https:\/\/mupiibga.co\/en\/wp-json\/wp\/v2\/comments?post=2347"}],"version-history":[{"count":3,"href":"https:\/\/mupiibga.co\/en\/wp-json\/wp\/v2\/product\/2347\/revisions"}],"predecessor-version":[{"id":2408,"href":"https:\/\/mupiibga.co\/en\/wp-json\/wp\/v2\/product\/2347\/revisions\/2408"}],"wp:featuredmedia":[{"embeddable":true,"href":"https:\/\/mupiibga.co\/en\/wp-json\/wp\/v2\/media\/2406"}],"wp:attachment":[{"href":"https:\/\/mupiibga.co\/en\/wp-json\/wp\/v2\/media?parent=2347"}],"wp:term":[{"taxonomy":"product_brand","embeddable":true,"href":"https:\/\/mupiibga.co\/en\/wp-json\/wp\/v2\/product_brand?post=2347"},{"taxonomy":"product_cat","embeddable":true,"href":"https:\/\/mupiibga.co\/en\/wp-json\/wp\/v2\/product_cat?post=2347"},{"taxonomy":"product_tag","embeddable":true,"href":"https:\/\/mupiibga.co\/en\/wp-json\/wp\/v2\/product_tag?post=2347"}],"curies":[{"name":"wp","href":"https:\/\/api.w.org\/{rel}","templated":true}]}}