{"id":1881,"date":"2025-05-29T22:19:34","date_gmt":"2025-05-29T22:19:34","guid":{"rendered":"https:\/\/mupiibga.co\/?post_type=product&#038;p=1881"},"modified":"2025-05-29T22:44:28","modified_gmt":"2025-05-29T22:44:28","slug":"termo-caramanola","status":"publish","type":"product","link":"https:\/\/mupiibga.co\/en\/product\/termo-caramanola\/","title":{"rendered":"Termo carama\u00f1ola"},"content":{"rendered":"<div data-elementor-type=\"wp-post\" data-elementor-id=\"1881\" class=\"elementor elementor-1881\">\n\t\t\t\t\t\t<section class=\"elementor-section elementor-top-section elementor-element elementor-element-ac98f48 elementor-section-boxed elementor-section-height-default elementor-section-height-default\" data-id=\"ac98f48\" data-element_type=\"section\" data-e-type=\"section\">\n\t\t\t\t\t\t<div class=\"elementor-container elementor-column-gap-default\">\n\t\t\t\t\t<div class=\"elementor-column elementor-col-33 elementor-top-column elementor-element elementor-element-a9c3cf6\" data-id=\"a9c3cf6\" data-element_type=\"column\" data-e-type=\"column\">\n\t\t\t<div class=\"elementor-widget-wrap elementor-element-populated\">\n\t\t\t\t\t\t<div class=\"elementor-element elementor-element-5e343f4 elementor-widget elementor-widget-pressmart-heading\" data-id=\"5e343f4\" data-element_type=\"widget\" data-e-type=\"widget\" data-widget_type=\"pressmart-heading.default\">\n\t\t\t\t<div class=\"elementor-widget-container\">\n\t\t\t\t\t<div id=\"pressmart-header-77561\" class=\"pressmart-element pressmart-heading text-left separator-none separator-between-heading\">\t\n\t\t\t\n\t\t\t<div class=\"heading-wrap\">\n\t\t\t<span class=\"separator-left\"><\/span>\n\t\t\t<h4 class=\"heading-title\">Recomendaciones<\/h4>\t\t\t<span class=\"separator-right\"><\/span>\n\t\t\t\t\t<\/div>\n\t\t\n    <\/div>\t\t\t\t<\/div>\n\t\t\t\t<\/div>\n\t\t\t\t<div class=\"elementor-element elementor-element-93eceae elementor-widget elementor-widget-text-editor\" data-id=\"93eceae\" data-element_type=\"widget\" data-e-type=\"widget\" data-widget_type=\"text-editor.default\">\n\t\t\t\t<div class=\"elementor-widget-container\">\n\t\t\t\t\t\t\t\t\t<p>\u2714 Lavar antes del primer uso.<\/p><p>\u2714 No usar en microondas ni congelador.<\/p><p>\u2714 Evitar golpes fuertes para no afectar el aislamiento.<\/p><p>\u2714 Lavar con agua tibia y jab\u00f3n suave, sin esponjas abrasivas.<\/p><p>\u2714 Para mejor rendimiento t\u00e9rmico, preenfriar con agua fr\u00eda antes de usar.<\/p>\t\t\t\t\t\t\t\t<\/div>\n\t\t\t\t<\/div>\n\t\t\t\t<div class=\"elementor-element elementor-element-5cf349d elementor-widget elementor-widget-pressmart-heading\" data-id=\"5cf349d\" data-element_type=\"widget\" data-e-type=\"widget\" data-widget_type=\"pressmart-heading.default\">\n\t\t\t\t<div class=\"elementor-widget-container\">\n\t\t\t\t\t<div id=\"pressmart-header-88578\" class=\"pressmart-element pressmart-heading text-left separator-none separator-between-heading\">\t\n\t\t\t\n\t\t\t<div class=\"heading-wrap\">\n\t\t\t<span class=\"separator-left\"><\/span>\n\t\t\t<h4 class=\"heading-title\">Empaque<\/h4>\t\t\t<span class=\"separator-right\"><\/span>\n\t\t\t\t\t<\/div>\n\t\t\n    <\/div>\t\t\t\t<\/div>\n\t\t\t\t<\/div>\n\t\t\t\t<div class=\"elementor-element elementor-element-3e86a52 elementor-widget elementor-widget-text-editor\" data-id=\"3e86a52\" data-element_type=\"widget\" data-e-type=\"widget\" data-widget_type=\"text-editor.default\">\n\t\t\t\t<div class=\"elementor-widget-container\">\n\t\t\t\t\t\t\t\t\t<p>\ud83d\udccc Empaque individual: Caja de cart\u00f3n kraft<\/p><p>\ud83d\udccc Personalizaci\u00f3n del empaque disponible para regalos o promociones.<\/p>\t\t\t\t\t\t\t\t<\/div>\n\t\t\t\t<\/div>\n\t\t\t\t\t<\/div>\n\t\t<\/div>\n\t\t\t\t<div class=\"elementor-column elementor-col-33 elementor-top-column elementor-element elementor-element-ca81899\" data-id=\"ca81899\" data-element_type=\"column\" data-e-type=\"column\">\n\t\t\t<div class=\"elementor-widget-wrap elementor-element-populated\">\n\t\t\t\t\t\t<div class=\"elementor-element elementor-element-ccc627e elementor-widget elementor-widget-pressmart-heading\" data-id=\"ccc627e\" data-element_type=\"widget\" data-e-type=\"widget\" data-widget_type=\"pressmart-heading.default\">\n\t\t\t\t<div class=\"elementor-widget-container\">\n\t\t\t\t\t<div id=\"pressmart-header-27400\" class=\"pressmart-element pressmart-heading text-left separator-none separator-between-heading\">\t\n\t\t\t\n\t\t\t<div class=\"heading-wrap\">\n\t\t\t<span class=\"separator-left\"><\/span>\n\t\t\t<h4 class=\"heading-title\">Colores <\/h4>\t\t\t<span class=\"separator-right\"><\/span>\n\t\t\t\t\t<\/div>\n\t\t\n    <\/div>\t\t\t\t<\/div>\n\t\t\t\t<\/div>\n\t\t\t\t<div class=\"elementor-element elementor-element-b4457ec elementor-widget elementor-widget-text-editor\" data-id=\"b4457ec\" data-element_type=\"widget\" data-e-type=\"widget\" data-widget_type=\"text-editor.default\">\n\t\t\t\t<div class=\"elementor-widget-container\">\n\t\t\t\t\t\t\t\t\t<p>\ud83c\udf08 Colores disponibles: Blanco y plateado<\/p><p>\ud83c\udfa8 Acabado: Mate, brillante<\/p><p>\ud83d\udda8 Personalizaci\u00f3n: sublimaci\u00f3n.<\/p>\t\t\t\t\t\t\t\t<\/div>\n\t\t\t\t<\/div>\n\t\t\t\t<div class=\"elementor-element elementor-element-938d190 elementor-widget elementor-widget-pressmart-heading\" data-id=\"938d190\" data-element_type=\"widget\" data-e-type=\"widget\" data-widget_type=\"pressmart-heading.default\">\n\t\t\t\t<div class=\"elementor-widget-container\">\n\t\t\t\t\t<div id=\"pressmart-header-38086\" class=\"pressmart-element pressmart-heading text-left separator-none separator-between-heading\">\t\n\t\t\t\n\t\t\t<div class=\"heading-wrap\">\n\t\t\t<span class=\"separator-left\"><\/span>\n\t\t\t<h4 class=\"heading-title\">Uso<\/h4>\t\t\t<span class=\"separator-right\"><\/span>\n\t\t\t\t\t<\/div>\n\t\t\n    <\/div>\t\t\t\t<\/div>\n\t\t\t\t<\/div>\n\t\t\t\t<div class=\"elementor-element elementor-element-d49d987 elementor-widget elementor-widget-text-editor\" data-id=\"d49d987\" data-element_type=\"widget\" data-e-type=\"widget\" data-widget_type=\"text-editor.default\">\n\t\t\t\t<div class=\"elementor-widget-container\">\n\t\t\t\t\t\t\t\t\t<p>\u2705 Hidrataci\u00f3n deportiva: Ciclismo, running, gimnasio, senderismo.<br \/>\u2705 Actividades al aire libre: Camping, viajes, excursiones.<br \/>\u2705 Uso diario: Trabajo, oficina, escuela.<br \/>\u2705 Merchandising y promociones: Personalizable para marcas y eventos.<\/p>\t\t\t\t\t\t\t\t<\/div>\n\t\t\t\t<\/div>\n\t\t\t\t\t<\/div>\n\t\t<\/div>\n\t\t\t\t<div class=\"elementor-column elementor-col-33 elementor-top-column elementor-element elementor-element-6651080\" data-id=\"6651080\" data-element_type=\"column\" data-e-type=\"column\">\n\t\t\t<div class=\"elementor-widget-wrap elementor-element-populated\">\n\t\t\t\t\t\t<div class=\"elementor-element elementor-element-6c42a9c elementor-widget elementor-widget-pressmart-heading\" data-id=\"6c42a9c\" data-element_type=\"widget\" data-e-type=\"widget\" data-widget_type=\"pressmart-heading.default\">\n\t\t\t\t<div class=\"elementor-widget-container\">\n\t\t\t\t\t<div id=\"pressmart-header-40786\" class=\"pressmart-element pressmart-heading text-left separator-none separator-between-heading\">\t\n\t\t\t\n\t\t\t<div class=\"heading-wrap\">\n\t\t\t<span class=\"separator-left\"><\/span>\n\t\t\t<h4 class=\"heading-title\">Informaci\u00f3n general<\/h4>\t\t\t<span class=\"separator-right\"><\/span>\n\t\t\t\t\t<\/div>\n\t\t\n    <\/div>\t\t\t\t<\/div>\n\t\t\t\t<\/div>\n\t\t\t\t<div class=\"elementor-element elementor-element-7312084 elementor-widget elementor-widget-text-editor\" data-id=\"7312084\" data-element_type=\"widget\" data-e-type=\"widget\" data-widget_type=\"text-editor.default\">\n\t\t\t\t<div class=\"elementor-widget-container\">\n\t\t\t\t\t\t\t\t\t<p>\u2714 Mantiene las bebidas fr\u00edas hasta 4 horas.<\/p><p>\u2714 Aislamiento al vac\u00edo que evita la condensaci\u00f3n externa.<\/p><p>\u2714 Resistente a golpes y ca\u00eddas.<\/p><p>\u2714 No altera el sabor ni retiene olores.<\/p><p>\u2714 Dise\u00f1o ligero y port\u00e1til, ideal para actividades deportivas.<\/p>\t\t\t\t\t\t\t\t<\/div>\n\t\t\t\t<\/div>\n\t\t\t\t<div class=\"elementor-element elementor-element-faae5c2 elementor-widget elementor-widget-pressmart-heading\" data-id=\"faae5c2\" data-element_type=\"widget\" data-e-type=\"widget\" data-widget_type=\"pressmart-heading.default\">\n\t\t\t\t<div class=\"elementor-widget-container\">\n\t\t\t\t\t<div id=\"pressmart-header-49215\" class=\"pressmart-element pressmart-heading text-left separator-none separator-between-heading\">\t\n\t\t\t\n\t\t\t<div class=\"heading-wrap\">\n\t\t\t<span class=\"separator-left\"><\/span>\n\t\t\t<h4 class=\"heading-title\">Personalizaci\u00f3n<\/h4>\t\t\t<span class=\"separator-right\"><\/span>\n\t\t\t\t\t<\/div>\n\t\t\n    <\/div>\t\t\t\t<\/div>\n\t\t\t\t<\/div>\n\t\t\t\t<div class=\"elementor-element elementor-element-00bdde3 elementor-widget elementor-widget-text-editor\" data-id=\"00bdde3\" data-element_type=\"widget\" data-e-type=\"widget\" data-widget_type=\"text-editor.default\">\n\t\t\t\t<div class=\"elementor-widget-container\">\n\t\t\t\t\t\t\t\t\t<p>A la hora de elegir este producto al realizar tu compra, recuerda que no est\u00e1 enteramente sujeto a este dise\u00f1o sino que ser\u00e1 personalizado con el nombre y tem\u00e1tica que desees. Incluso puedes enviarnos una foto de la persona a la que va dirigido el detalle para poder colocar un avatar de caracter\u00edsticas similares.<\/p><p><br \/>Todos estos detalles de personalizaci\u00f3n los confirmamos internamente con el dise\u00f1ador responsable de tu pedido a trav\u00e9s de WhatsApp, donde te enviamos los cambios de dise\u00f1o para que apruebes todo antes de enviarlo a producci\u00f3n.<\/p>\t\t\t\t\t\t\t\t<\/div>\n\t\t\t\t<\/div>\n\t\t\t\t\t<\/div>\n\t\t<\/div>\n\t\t\t\t\t<\/div>\n\t\t<\/section>\n\t\t\t\t<\/div>","protected":false},"excerpt":{"rendered":"<p>Capacidad: 600 ml<br \/>\nAltura con Tapa:21 cm<br \/>\nDi\u00e1metro:7.5 cm<\/p>","protected":false},"featured_media":1883,"comment_status":"open","ping_status":"closed","template":"","meta":{"_joinchat":[]},"product_brand":[166],"product_cat":[207],"product_tag":[212,208,211,210,209],"class_list":{"0":"post-1881","1":"product","2":"type-product","3":"status-publish","4":"has-post-thumbnail","6":"product_brand-mupii","7":"product_cat-termos","8":"product_tag-agua","9":"product_tag-camping","10":"product_tag-deportes","11":"product_tag-gym","12":"product_tag-hidratacion","14":"first","15":"instock","16":"sale","17":"featured","18":"shipping-taxable","19":"purchasable","20":"product-type-simple"},"_links":{"self":[{"href":"https:\/\/mupiibga.co\/en\/wp-json\/wp\/v2\/product\/1881","targetHints":{"allow":["GET"]}}],"collection":[{"href":"https:\/\/mupiibga.co\/en\/wp-json\/wp\/v2\/product"}],"about":[{"href":"https:\/\/mupiibga.co\/en\/wp-json\/wp\/v2\/types\/product"}],"replies":[{"embeddable":true,"href":"https:\/\/mupiibga.co\/en\/wp-json\/wp\/v2\/comments?post=1881"}],"version-history":[{"count":5,"href":"https:\/\/mupiibga.co\/en\/wp-json\/wp\/v2\/product\/1881\/revisions"}],"predecessor-version":[{"id":1889,"href":"https:\/\/mupiibga.co\/en\/wp-json\/wp\/v2\/product\/1881\/revisions\/1889"}],"wp:featuredmedia":[{"embeddable":true,"href":"https:\/\/mupiibga.co\/en\/wp-json\/wp\/v2\/media\/1883"}],"wp:attachment":[{"href":"https:\/\/mupiibga.co\/en\/wp-json\/wp\/v2\/media?parent=1881"}],"wp:term":[{"taxonomy":"product_brand","embeddable":true,"href":"https:\/\/mupiibga.co\/en\/wp-json\/wp\/v2\/product_brand?post=1881"},{"taxonomy":"product_cat","embeddable":true,"href":"https:\/\/mupiibga.co\/en\/wp-json\/wp\/v2\/product_cat?post=1881"},{"taxonomy":"product_tag","embeddable":true,"href":"https:\/\/mupiibga.co\/en\/wp-json\/wp\/v2\/product_tag?post=1881"}],"curies":[{"name":"wp","href":"https:\/\/api.w.org\/{rel}","templated":true}]}}