{"id":1296,"date":"2025-02-27T20:57:33","date_gmt":"2025-02-27T20:57:33","guid":{"rendered":"https:\/\/mupiibga.co\/?post_type=product&#038;p=1296"},"modified":"2025-05-29T16:34:54","modified_gmt":"2025-05-29T16:34:54","slug":"camiseta-piel-de-durazno-blanca","status":"publish","type":"product","link":"https:\/\/mupiibga.co\/en\/product\/camiseta-piel-de-durazno-blanca\/","title":{"rendered":"Camiseta piel de durazno blanca"},"content":{"rendered":"<div data-elementor-type=\"wp-post\" data-elementor-id=\"1296\" class=\"elementor elementor-1296\">\n\t\t\t\t\t\t<section class=\"elementor-section elementor-top-section elementor-element elementor-element-ac98f48 elementor-section-boxed elementor-section-height-default elementor-section-height-default\" data-id=\"ac98f48\" data-element_type=\"section\" data-e-type=\"section\">\n\t\t\t\t\t\t<div class=\"elementor-container elementor-column-gap-default\">\n\t\t\t\t\t<div class=\"elementor-column elementor-col-33 elementor-top-column elementor-element elementor-element-a9c3cf6\" data-id=\"a9c3cf6\" data-element_type=\"column\" data-e-type=\"column\">\n\t\t\t<div class=\"elementor-widget-wrap elementor-element-populated\">\n\t\t\t\t\t\t<div class=\"elementor-element elementor-element-5e343f4 elementor-widget elementor-widget-pressmart-heading\" data-id=\"5e343f4\" data-element_type=\"widget\" data-e-type=\"widget\" data-widget_type=\"pressmart-heading.default\">\n\t\t\t\t<div class=\"elementor-widget-container\">\n\t\t\t\t\t<div id=\"pressmart-header-44888\" class=\"pressmart-element pressmart-heading text-left separator-none separator-between-heading\">\t\n\t\t\t\n\t\t\t<div class=\"heading-wrap\">\n\t\t\t<span class=\"separator-left\"><\/span>\n\t\t\t<h4 class=\"heading-title\">Tipo de impresi\u00f3n <\/h4>\t\t\t<span class=\"separator-right\"><\/span>\n\t\t\t\t\t<\/div>\n\t\t\n    <\/div>\t\t\t\t<\/div>\n\t\t\t\t<\/div>\n\t\t\t\t<div class=\"elementor-element elementor-element-93eceae elementor-widget elementor-widget-text-editor\" data-id=\"93eceae\" data-element_type=\"widget\" data-e-type=\"widget\" data-widget_type=\"text-editor.default\">\n\t\t\t\t<div class=\"elementor-widget-container\">\n\t\t\t\t\t\t\t\t\t<p>\ud83c\udfaf DTF (Direct to Film): Transferencia digital con colores vibrantes y alta adherencia<\/p><p>\ud83c\udfaf Vinil Textil: Acabado s\u00f3lido, ideal para dise\u00f1os monocrom\u00e1ticos o con efectos especiales (ne\u00f3n, met\u00e1lico, reflectivo)<\/p><p>\ud83c\udfaf Sublimaci\u00f3n<\/p>\t\t\t\t\t\t\t\t<\/div>\n\t\t\t\t<\/div>\n\t\t\t\t<div class=\"elementor-element elementor-element-5cf349d elementor-widget elementor-widget-pressmart-heading\" data-id=\"5cf349d\" data-element_type=\"widget\" data-e-type=\"widget\" data-widget_type=\"pressmart-heading.default\">\n\t\t\t\t<div class=\"elementor-widget-container\">\n\t\t\t\t\t<div id=\"pressmart-header-71413\" class=\"pressmart-element pressmart-heading text-left separator-none separator-between-heading\">\t\n\t\t\t\n\t\t\t<div class=\"heading-wrap\">\n\t\t\t<span class=\"separator-left\"><\/span>\n\t\t\t<h4 class=\"heading-title\">Color<\/h4>\t\t\t<span class=\"separator-right\"><\/span>\n\t\t\t\t\t<\/div>\n\t\t\n    <\/div>\t\t\t\t<\/div>\n\t\t\t\t<\/div>\n\t\t\t\t<div class=\"elementor-element elementor-element-3e86a52 elementor-widget elementor-widget-text-editor\" data-id=\"3e86a52\" data-element_type=\"widget\" data-e-type=\"widget\" data-widget_type=\"text-editor.default\">\n\t\t\t\t<div class=\"elementor-widget-container\">\n\t\t\t\t\t\t\t\t\t<p>Blanco \u00f3ptimo para procesos de sublimaci\u00f3n, asegurando una impresi\u00f3n de alta calidad con colores vibrantes y resistentes.<\/p><p>Tonos claros como <strong>gris claro, beige<\/strong><\/p>\t\t\t\t\t\t\t\t<\/div>\n\t\t\t\t<\/div>\n\t\t\t\t<div class=\"elementor-element elementor-element-84671c4 elementor-widget elementor-widget-pressmart-heading\" data-id=\"84671c4\" data-element_type=\"widget\" data-e-type=\"widget\" data-widget_type=\"pressmart-heading.default\">\n\t\t\t\t<div class=\"elementor-widget-container\">\n\t\t\t\t\t<div id=\"pressmart-header-50873\" class=\"pressmart-element pressmart-heading text-left separator-none separator-between-heading\">\t\n\t\t\t\n\t\t\t<div class=\"heading-wrap\">\n\t\t\t<span class=\"separator-left\"><\/span>\n\t\t\t<h4 class=\"heading-title\">Usos<\/h4>\t\t\t<span class=\"separator-right\"><\/span>\n\t\t\t\t\t<\/div>\n\t\t\n    <\/div>\t\t\t\t<\/div>\n\t\t\t\t<\/div>\n\t\t\t\t<div class=\"elementor-element elementor-element-f8e9f4f elementor-widget elementor-widget-text-editor\" data-id=\"f8e9f4f\" data-element_type=\"widget\" data-e-type=\"widget\" data-widget_type=\"text-editor.default\">\n\t\t\t\t<div class=\"elementor-widget-container\">\n\t\t\t\t\t\t\t\t\t<p>\u2705 Promoci\u00f3n y publicidad: Camisetas personalizadas para empresas, marcas y eventos<\/p><p>\u2705 Moda personalizada: Prendas \u00fanicas con dise\u00f1os exclusivos<\/p><p>\u2705 Equipos deportivos: Camisetas para clubes, torneos y actividades al aire libre<\/p><p>\u2705 Regalos y recuerdos: Camisetas con frases, fotos o ilustraciones para fechas especiales<\/p><p>\u2705 Uso diario: Gracias a su comodidad y resistencia<\/p>\t\t\t\t\t\t\t\t<\/div>\n\t\t\t\t<\/div>\n\t\t\t\t\t<\/div>\n\t\t<\/div>\n\t\t\t\t<div class=\"elementor-column elementor-col-33 elementor-top-column elementor-element elementor-element-ca81899\" data-id=\"ca81899\" data-element_type=\"column\" data-e-type=\"column\">\n\t\t\t<div class=\"elementor-widget-wrap elementor-element-populated\">\n\t\t\t\t\t\t<div class=\"elementor-element elementor-element-ccc627e elementor-widget elementor-widget-pressmart-heading\" data-id=\"ccc627e\" data-element_type=\"widget\" data-e-type=\"widget\" data-widget_type=\"pressmart-heading.default\">\n\t\t\t\t<div class=\"elementor-widget-container\">\n\t\t\t\t\t<div id=\"pressmart-header-10214\" class=\"pressmart-element pressmart-heading text-left separator-none separator-between-heading\">\t\n\t\t\t\n\t\t\t<div class=\"heading-wrap\">\n\t\t\t<span class=\"separator-left\"><\/span>\n\t\t\t<h4 class=\"heading-title\">Personalizaci\u00f3n<\/h4>\t\t\t<span class=\"separator-right\"><\/span>\n\t\t\t\t\t<\/div>\n\t\t\n    <\/div>\t\t\t\t<\/div>\n\t\t\t\t<\/div>\n\t\t\t\t<div class=\"elementor-element elementor-element-b4457ec elementor-widget elementor-widget-text-editor\" data-id=\"b4457ec\" data-element_type=\"widget\" data-e-type=\"widget\" data-widget_type=\"text-editor.default\">\n\t\t\t\t<div class=\"elementor-widget-container\">\n\t\t\t\t\t\t\t\t\t<p>A la hora de elegir este producto al realizar tu compra, recuerda que no est\u00e1 enteramente sujeto a este dise\u00f1o sino que ser\u00e1 personalizado con el nombre y tem\u00e1tica que desees. Incluso puedes enviarnos una foto de la persona a la que va dirigido el detalle para poder colocar un avatar de caracter\u00edsticas similares. <strong>Todos estos detalles de personalizaci\u00f3n los confirmamos internamente con el dise\u00f1ador responsable de tu pedido a trav\u00e9s de WhatsApp, donde te enviamos los cambios de dise\u00f1o para que apruebes todo antes de enviarlo a producci\u00f3n.<\/strong><\/p>\t\t\t\t\t\t\t\t<\/div>\n\t\t\t\t<\/div>\n\t\t\t\t<div class=\"elementor-element elementor-element-938d190 elementor-widget elementor-widget-pressmart-heading\" data-id=\"938d190\" data-element_type=\"widget\" data-e-type=\"widget\" data-widget_type=\"pressmart-heading.default\">\n\t\t\t\t<div class=\"elementor-widget-container\">\n\t\t\t\t\t<div id=\"pressmart-header-9506\" class=\"pressmart-element pressmart-heading text-left separator-none separator-between-heading\">\t\n\t\t\t\n\t\t\t<div class=\"heading-wrap\">\n\t\t\t<span class=\"separator-left\"><\/span>\n\t\t\t<h4 class=\"heading-title\">Dise\u00f1o<\/h4>\t\t\t<span class=\"separator-right\"><\/span>\n\t\t\t\t\t<\/div>\n\t\t\n    <\/div>\t\t\t\t<\/div>\n\t\t\t\t<\/div>\n\t\t\t\t<div class=\"elementor-element elementor-element-d49d987 elementor-widget elementor-widget-text-editor\" data-id=\"d49d987\" data-element_type=\"widget\" data-e-type=\"widget\" data-widget_type=\"text-editor.default\">\n\t\t\t\t<div class=\"elementor-widget-container\">\n\t\t\t\t\t\t\t\t\t<p>\u2714 Manga corta.<\/p><p>\u2714 Cuello redondo con refuerzo interno para mayor resistencia.<\/p><p>\u2714 Corte semi-ajustado que permite un look moderno sin comprometer la comodidad.<\/p><p>\u2714 Costuras reforzadas para mayor durabilidad.<\/p>\t\t\t\t\t\t\t\t<\/div>\n\t\t\t\t<\/div>\n\t\t\t\t<div class=\"elementor-element elementor-element-daf4912 elementor-widget elementor-widget-pressmart-heading\" data-id=\"daf4912\" data-element_type=\"widget\" data-e-type=\"widget\" data-widget_type=\"pressmart-heading.default\">\n\t\t\t\t<div class=\"elementor-widget-container\">\n\t\t\t\t\t<div id=\"pressmart-header-29499\" class=\"pressmart-element pressmart-heading text-left separator-none separator-between-heading\">\t\n\t\t\t\n\t\t\t<div class=\"heading-wrap\">\n\t\t\t<span class=\"separator-left\"><\/span>\n\t\t\t<h4 class=\"heading-title\">Caracter\u00edsticas principales<\/h4>\t\t\t<span class=\"separator-right\"><\/span>\n\t\t\t\t\t<\/div>\n\t\t\n    <\/div>\t\t\t\t<\/div>\n\t\t\t\t<\/div>\n\t\t\t\t<div class=\"elementor-element elementor-element-0fc4362 elementor-widget elementor-widget-text-editor\" data-id=\"0fc4362\" data-element_type=\"widget\" data-e-type=\"widget\" data-widget_type=\"text-editor.default\">\n\t\t\t\t<div class=\"elementor-widget-container\">\n\t\t\t\t\t\t\t\t\t<p>\u2714 Apta para sublimaci\u00f3n: Material especialmente dise\u00f1ado para transferencias a alta temperatura sin afectar la textura o la forma de la camiseta.<\/p><p>\u2714 Resistencia al desgaste: Soporta lavados frecuentes sin perder color ni calidad del dise\u00f1o sublimado.<\/p><p>\u2714 Secado r\u00e1pido y excelente absorci\u00f3n de tinta sublimada.<\/p><p>\u2714 No se decolora ni se agrieta con el lavado<\/p><p>\u2714 Ligera, c\u00f3moda y de secado r\u00e1pido<br \/><br \/>\u2714 Los tallajes de dama incluyen forma de la cintura<\/p>\t\t\t\t\t\t\t\t<\/div>\n\t\t\t\t<\/div>\n\t\t\t\t\t<\/div>\n\t\t<\/div>\n\t\t\t\t<div class=\"elementor-column elementor-col-33 elementor-top-column elementor-element elementor-element-6651080\" data-id=\"6651080\" data-element_type=\"column\" data-e-type=\"column\">\n\t\t\t<div class=\"elementor-widget-wrap elementor-element-populated\">\n\t\t\t\t\t\t<div class=\"elementor-element elementor-element-6c42a9c elementor-widget elementor-widget-pressmart-heading\" data-id=\"6c42a9c\" data-element_type=\"widget\" data-e-type=\"widget\" data-widget_type=\"pressmart-heading.default\">\n\t\t\t\t<div class=\"elementor-widget-container\">\n\t\t\t\t\t<div id=\"pressmart-header-6015\" class=\"pressmart-element pressmart-heading text-left separator-none separator-between-heading\">\t\n\t\t\t\n\t\t\t<div class=\"heading-wrap\">\n\t\t\t<span class=\"separator-left\"><\/span>\n\t\t\t<h4 class=\"heading-title\">Recomendaciones<\/h4>\t\t\t<span class=\"separator-right\"><\/span>\n\t\t\t\t\t<\/div>\n\t\t\n    <\/div>\t\t\t\t<\/div>\n\t\t\t\t<\/div>\n\t\t\t\t<div class=\"elementor-element elementor-element-7312084 elementor-widget elementor-widget-text-editor\" data-id=\"7312084\" data-element_type=\"widget\" data-e-type=\"widget\" data-widget_type=\"text-editor.default\">\n\t\t\t\t<div class=\"elementor-widget-container\">\n\t\t\t\t\t\t\t\t\t<p>\u2714 Lavado: Lavar con agua fr\u00eda y jab\u00f3n suave<\/p><p>\u2714 Evitar suavizantes y blanqueadores para conservar los colores<\/p><p>\u2714 Secado: Secar a la sombra para evitar desgaste por el sol<\/p><p>\u2714 Planchar a baja temperatura y del rev\u00e9s para proteger la impresi\u00f3n<\/p><p>\u2714 No usar secadora para prolongar la vida \u00fatil de la prenda<\/p>\t\t\t\t\t\t\t\t<\/div>\n\t\t\t\t<\/div>\n\t\t\t\t<div class=\"elementor-element elementor-element-faae5c2 elementor-widget elementor-widget-pressmart-heading\" data-id=\"faae5c2\" data-element_type=\"widget\" data-e-type=\"widget\" data-widget_type=\"pressmart-heading.default\">\n\t\t\t\t<div class=\"elementor-widget-container\">\n\t\t\t\t\t<div id=\"pressmart-header-63010\" class=\"pressmart-element pressmart-heading text-left separator-none separator-between-heading\">\t\n\t\t\t\n\t\t\t<div class=\"heading-wrap\">\n\t\t\t<span class=\"separator-left\"><\/span>\n\t\t\t<h4 class=\"heading-title\">Empaque y presentaci\u00f3n<\/h4>\t\t\t<span class=\"separator-right\"><\/span>\n\t\t\t\t\t<\/div>\n\t\t\n    <\/div>\t\t\t\t<\/div>\n\t\t\t\t<\/div>\n\t\t\t\t<div class=\"elementor-element elementor-element-00bdde3 elementor-widget elementor-widget-text-editor\" data-id=\"00bdde3\" data-element_type=\"widget\" data-e-type=\"widget\" data-widget_type=\"text-editor.default\">\n\t\t\t\t<div class=\"elementor-widget-container\">\n\t\t\t\t\t\t\t\t\t<p>\ud83d\udccc Empaque individual: Bolsa pl\u00e1stica transparente o biodegradable<\/p><p>\ud83d\udccc Empaque por mayor: Paquetes de 5, 10, 20 unidades seg\u00fan pedido<\/p><p>\ud83d\udccc Etiqueta personalizada de agradecimiento: Opci\u00f3n de incluir marca, talla y cuidados<\/p><p>\ud83d\udccc Opcional: Caja de presentaci\u00f3n para regalos o env\u00edos<\/p>\t\t\t\t\t\t\t\t<\/div>\n\t\t\t\t<\/div>\n\t\t\t\t\t<\/div>\n\t\t<\/div>\n\t\t\t\t\t<\/div>\n\t\t<\/section>\n\t\t\t\t<\/div>","protected":false},"excerpt":{"rendered":"<p>Hecha en 100% poli\u00e9ster con tecnolog\u00eda de acabado piel de durazno, proporcionando una textura suave, delicada y agradable al tacto.<br \/>\nTejido dise\u00f1ado para una f\u00e1cil transferencia de tinta por sublimaci\u00f3n.<\/p>","protected":false},"featured_media":1527,"comment_status":"open","ping_status":"closed","template":"","meta":{"_joinchat":[]},"product_brand":[166],"product_cat":[192,193],"product_tag":[191],"class_list":{"0":"post-1296","1":"product","2":"type-product","3":"status-publish","4":"has-post-thumbnail","6":"product_brand-mupii","7":"product_cat-camiseta","8":"product_cat-camiseta-piel-de-durazno","9":"product_tag-camisetas","11":"first","12":"instock","13":"featured","14":"shipping-taxable","15":"purchasable","16":"product-type-variable","17":"has-default-attributes"},"_links":{"self":[{"href":"https:\/\/mupiibga.co\/en\/wp-json\/wp\/v2\/product\/1296","targetHints":{"allow":["GET"]}}],"collection":[{"href":"https:\/\/mupiibga.co\/en\/wp-json\/wp\/v2\/product"}],"about":[{"href":"https:\/\/mupiibga.co\/en\/wp-json\/wp\/v2\/types\/product"}],"replies":[{"embeddable":true,"href":"https:\/\/mupiibga.co\/en\/wp-json\/wp\/v2\/comments?post=1296"}],"version-history":[{"count":13,"href":"https:\/\/mupiibga.co\/en\/wp-json\/wp\/v2\/product\/1296\/revisions"}],"predecessor-version":[{"id":1528,"href":"https:\/\/mupiibga.co\/en\/wp-json\/wp\/v2\/product\/1296\/revisions\/1528"}],"wp:featuredmedia":[{"embeddable":true,"href":"https:\/\/mupiibga.co\/en\/wp-json\/wp\/v2\/media\/1527"}],"wp:attachment":[{"href":"https:\/\/mupiibga.co\/en\/wp-json\/wp\/v2\/media?parent=1296"}],"wp:term":[{"taxonomy":"product_brand","embeddable":true,"href":"https:\/\/mupiibga.co\/en\/wp-json\/wp\/v2\/product_brand?post=1296"},{"taxonomy":"product_cat","embeddable":true,"href":"https:\/\/mupiibga.co\/en\/wp-json\/wp\/v2\/product_cat?post=1296"},{"taxonomy":"product_tag","embeddable":true,"href":"https:\/\/mupiibga.co\/en\/wp-json\/wp\/v2\/product_tag?post=1296"}],"curies":[{"name":"wp","href":"https:\/\/api.w.org\/{rel}","templated":true}]}}